{"id":915,"date":"2020-04-23T14:40:07","date_gmt":"2020-04-23T12:40:07","guid":{"rendered":"https:\/\/drojdiifuraje-cordostef.ro\/magazin\/?post_type=product&#038;p=915"},"modified":"2025-08-07T11:07:27","modified_gmt":"2025-08-07T09:07:27","slug":"drojdie-de-bere-inactivata-furajera-fermentatie-inferioara-2kg","status":"publish","type":"product","link":"https:\/\/drojdiifuraje-cordostef.ro\/magazin\/produs\/drojdie-de-bere-inactivata-furajera-fermentatie-inferioara-2kg\/","title":{"rendered":"Drojdie de bere furajera 2kg"},"content":{"rendered":"<p><strong> Drojdia furajera\u00a0 ( Saccharomyces Cerevisae) provine din procesul tehnologic de fabricatie al berii. Aceasta este uscata si inactivata cu o tehnologie specifica.Se prezinta sub forma granule de culoare brun-deschis, cu gust amarui, avand mirosul si aroma specifice de drojdie.<\/strong><\/p>\n<p><em><strong>Proteina -45%<\/strong><\/em><\/p>\n<p><em><strong>Grasime- 4%<\/strong><\/em><\/p>\n<p><em><strong>Umiditate max 10%<\/strong><\/em><\/p>\n<p><strong>\u00a0\u00a0\u00a0\u00a0 Forma produsului nu permite aderarea acestuia pe peretii utilajelor de amestec a furajelor iar acest factor minimizeaza pierderile in procesul de amestec.<\/strong><\/p>\n<p><strong>\u00a0<\/strong>\u00cen prezent, drojdia furajer\u0103 este folosit\u0103 pe scar\u0103 larg\u0103 \u00een alimenta\u0163ia animalelor, fiind cunoscut faptul c\u0103 ea are un con\u0163inut proteic cu valoare asem\u0103n\u0103toare proteinelor de origine animal\u0103. Astfel, drojdia furajer\u0103 a devenit un ingredient valoros pentru echilibrarea ra\u0163iilor de hran\u0103, dup\u0103 ce \u00een Europa a fost interzis\u0103 folosirea \u00een hrana animalelor a f\u0103inurilor de carne, oase, \u015f.a.<\/p>\n<p>Avantajele utilizarii:<\/p>\n<p>-sursa de proteina cu valoare biologica ridicata-<\/p>\n<p>-sursa naturala de vitamine si minerale<\/p>\n<p>-stabilizeaza si regleaza flora intestinala<\/p>\n<p>-stimuleaza si sustine sistemul imunitar<\/p>\n<p>-previne aparitia diareilor si stimuleaza procesele de vindecare<\/p>\n<p><strong>Pe langa calitatile nutritionale de exceptie are rol major in prevenirea problemelor intestinale la animale<\/strong><\/p>\n<p>Acest\u0103 specie de drojdie poate s\u0103 se cupleze ireversibil cu bacterii patogene care se dezvolt\u0103 \u00een intestin, a\u015fa cum este Escherichia coli entero-hemoragic\u0103 sau cum este bacteria Salmonella typhimurium care a suferit multiple muta\u0163ii \u015fi a devenit rezistent\u0103 la o gam\u0103 larg\u0103 de antibiotice, \u015fi care face ravagii printer animalele de ferm\u0103.<\/p>\n<p>Dac\u0103 se administreaz\u0103 animalelor aceast\u0103 specie de drojdie, atunci bacteriile patogene nu se mai pot ata\u015fa pe peretele intestinal, unde s-ar putea multiplica \u015fi unde pot produce probleme intestinale, ci vor fi cuplate de celulele de drojdie administrate \u015fi eliminate odat\u0103 cu fecalele.<\/p>\n<p><strong>Are un rol major \u00een sporirea produc\u0163iei la rumeg\u0103toare<\/strong><\/p>\n<p>Studiile arat\u0103 c\u0103 ad\u0103ugarea \u00een alimenta\u0163ia vacilor de lapte de drojdii vii din specia S. cerevisiae duce la sporirea num\u0103rului de bacterii benefice care diger\u0103 celuloza \u00een rumenul lor, ob\u0163in\u00e2ndu-se astfel o cre\u015ftere a digestibilit\u0103\u0163ii celulozei \u015fi a proteinei brute. Recent, cercet\u0103torii au demonstrat c\u0103 ad\u0103ugarea de drojdie vie (S. cerevisiae boullardii) \u00een \u00eenlocuitorul de lapte pentru vi\u0163ei duce la \u00eembun\u0103t\u0103\u0163irea st\u0103rii de s\u0103n\u0103tate a vi\u0163eilor \u015fi \u00eembun\u0103t\u0103\u0163e\u015fte performan\u0163ele lor, reduc\u00e2nd inciden\u0163a diareilor. Alte cercet\u0103ri au demonstrat c\u0103 ad\u0103ugarea \u00een ra\u0163ia vi\u0163eilor a acestei specii de drojdie duce la eliminarea din intestin a agen\u0163ilor patogeni care au rezisten\u0163\u0103 la antibiotice. Mai mult, suplimentele de drojdie vie administrate la rumeg\u0103toare au efect stimulator asupra unui grup specific de microorganisme din rumen, cu repercursini directe \u00een sporirea produc\u0163iilor acestor animale.S-a mai constatat \u00een experimente efectuate pe t\u0103ura\u015fi c\u0103 nivelul de amoniac din rumen a sc\u0103zut cu peste 50% atunci c\u00e2nd acestora li s-au administrat drojdii vii. \u00cen acest caz, amoniacul este utilizat pentru sinteza de protein\u0103, \u00eembun\u0103t\u0103\u0163ind performan\u0163a animalului.<\/p>\n<p>\u00cen concluzie, administrarea drojdiei de bere poate duce la:<\/p>\n<p><em>&#8211; schimbarea \u00a0num\u0103rului \u015fi speciilor popula\u0163iei microbiene<\/em><\/p>\n<p><em>&#8211; schimbarea favorabil\u0103 a con\u0163inutului \u00een acizi gra\u015fi volatili la nivelul rumenului<\/em><\/p>\n<p><em>&#8211; efect pozitiv asupra dispari\u0163iei amoniacului rumenal<\/em><\/p>\n<p><em>&#8211; efect pozitiv asupra ph-ului rumenal<\/em><\/p>\n<p><em>&#8211; cre\u015ftere a digestibilit\u0103\u0163ii fibrelor<\/em><\/p>\n<p>Toate informa\u0163iile venite de la fermieri se refer\u0103 la faptul c\u0103 adaosul de drojdie \u00een hrana rumeg\u0103toarelor are ca urmare un consum specific mai bun, mai pu\u0163ine probleme digestive, o stare de s\u0103n\u0103tate mai bun\u0103 a animalului \u015fi performan\u0163e productive mai bune.<\/p>\n<p><strong>De ce s\u0103 folosim drojdia de bere pentru hr\u0103nirea animalelor ?<\/strong><\/p>\n<p>-proteinele din drojdie acoper\u0103 aproape complet necesarul de cre\u015ftere al animalelor<\/p>\n<p>-drojdia poate cre\u015fte pofta de m\u00e2ncare a animalelor precum \u015fi produc\u0163ia de lapte<\/p>\n<p>-drojdia con\u0163ine de asemenea 4% alcool , un component energetic important<\/p>\n<p><strong>Recomandari de utilizare<\/strong><\/p>\n<p>Pasari 2-5%<\/p>\n<p>Rumegatoare mari 8-10%<\/p>\n<p>Rumegatoare mici 3-6%<\/p>\n<p>Porci 4-6%<\/p>\n<p>Cai 8-12%<\/p>\n","protected":false},"excerpt":{"rendered":"<p>Drojdia furajera\u00a0 ( Saccharomyces Cerevisae) provine din procesul tehnologic de fabricatie al berii. Aceasta este uscata si inactivata cu o tehnologie specifica.Se prezinta sub forma granule de culoare brun-deschis, cu<\/p>\n","protected":false},"featured_media":25665,"template":"","meta":[],"product_brand":[],"product_cat":[194,191,175,193],"product_tag":[],"class_list":{"0":"post-915","1":"product","2":"type-product","3":"status-publish","6":"product_cat-calciu-1-5-2","7":"product_cat-drojdie-de-bere-inactivata-furajera","8":"product_cat-drojdii-pentru-animale","9":"product_cat-calciu-galeti","11":"first","12":"instock","13":"shipping-taxable","14":"purchasable","15":"product-type-simple"},"_links":{"self":[{"href":"https:\/\/drojdiifuraje-cordostef.ro\/magazin\/wp-json\/wp\/v2\/product\/915","targetHints":{"allow":["GET"]}}],"collection":[{"href":"https:\/\/drojdiifuraje-cordostef.ro\/magazin\/wp-json\/wp\/v2\/product"}],"about":[{"href":"https:\/\/drojdiifuraje-cordostef.ro\/magazin\/wp-json\/wp\/v2\/types\/product"}],"wp:featuredmedia":[{"embeddable":true,"href":"https:\/\/drojdiifuraje-cordostef.ro\/magazin\/wp-json\/wp\/v2\/media\/25665"}],"wp:attachment":[{"href":"https:\/\/drojdiifuraje-cordostef.ro\/magazin\/wp-json\/wp\/v2\/media?parent=915"}],"wp:term":[{"taxonomy":"product_brand","embeddable":true,"href":"https:\/\/drojdiifuraje-cordostef.ro\/magazin\/wp-json\/wp\/v2\/product_brand?post=915"},{"taxonomy":"product_cat","embeddable":true,"href":"https:\/\/drojdiifuraje-cordostef.ro\/magazin\/wp-json\/wp\/v2\/product_cat?post=915"},{"taxonomy":"product_tag","embeddable":true,"href":"https:\/\/drojdiifuraje-cordostef.ro\/magazin\/wp-json\/wp\/v2\/product_tag?post=915"}],"curies":[{"name":"wp","href":"https:\/\/api.w.org\/{rel}","templated":true}]}}