{"id":878,"date":"2020-04-23T09:59:51","date_gmt":"2020-04-23T07:59:51","guid":{"rendered":"https:\/\/drojdiifuraje-cordostef.ro\/magazin\/?post_type=product&#038;p=878"},"modified":"2025-08-07T11:07:27","modified_gmt":"2025-08-07T09:07:27","slug":"calciu-furajer-cu-drojdie-de-bere-2kg","status":"publish","type":"product","link":"https:\/\/drojdiifuraje-cordostef.ro\/magazin\/produs\/calciu-furajer-cu-drojdie-de-bere-2kg\/","title":{"rendered":"Calciu furajer cu drojdie de bere 2kg"},"content":{"rendered":"<div id=\"hello\" class=\"av-layout-grid-container entry-content-wrapper main_color av-flex-cells avia-builder-el-5 el_after_av_layout_row el_before_av_textblock submenu-not-first container_wrap fullsize\">\n<div class=\"flex_cell no_margin av_one_half avia-builder-el-6 el_before_av_cell_one_half avia-builder-el-first \">\n<div class=\"flex_cell_inner\">\n<div class=\"av-special-heading av-special-heading-h1 blockquote modern-quote avia-builder-el-7 el_before_av_textblock avia-builder-el-first av-inherit-size\">\n<div class=\"av-subheading av-subheading_below \">\n<p>SUPLIMENT PROTEIC NATURAL PENTRU HRANA ANIMALELOR<\/p>\n<\/div>\n<\/div>\n<\/div>\n<\/div>\n<\/div>\n<div id=\"after_submenu\" class=\"main_color av_default_container_wrap container_wrap fullsize\">\n<div class=\"container\">\n<div class=\"template-page content av-content-full alpha units\">\n<div class=\"post-entry post-entry-type-page post-entry-497\">\n<div class=\"entry-content-wrapper clearfix\">\n<section class=\"av_textblock_section\">\n<div class=\"avia_textblock \">\n<p><strong>Calitati nutritionale de exceptie<\/strong><\/p>\n<p>Carbonat de Calciu- 39%<\/p>\n<p>Umiditate- 2%<\/p>\n<p>Drojdie de bere- 5%<\/p>\n<p>Proteina- 4%<\/p>\n<\/div>\n<\/section>\n<section class=\"av_textblock_section\">\n<div class=\"avia_textblock \">\n<p><span class=\"fontstyle0\">Datorita aportului drojdiei de bere, produsul capata o alta valoare nutritiva si creste semnificativ prezenta aminoacizilor esentiali, lizina, metionina, treonina, precum si complexul vitaminelor B complet, in furajele destinate animalelor, iar rolul probiotic al drojdiei de bere, diminueaza prezenta bolilor intestinale si nu numai.<\/span><\/p>\n<p>Calciul furajer (cunoscut \u015fi sub denumirile de cret\u0103 furajer\u0103 sau calcar furajer) este indispensabil \u00een dezvoltarea corect\u0103 \u015fi armonioas\u0103 a tuturor animalelor din gospod\u0103rie.<\/p>\n<p>\u00a0<\/p>\n<p><strong>Aportul de calciu in hrana animalelor la care se alatura si calitatile exceptionale in nutritie a Drojdiei de Bere<\/strong><\/p>\n<p>\u00a0<\/p>\n<p>Calciu este necesar pentru ca fiecare organ si celula sa poata functiona, el este implicat in majoritatea activitatilor metabolice si este esential pentru asimilarea tuturor celorlalte minerale si substante nutritive;<\/p>\n<p>\u2013 creste productia de lapte in cazul bovinelor;<\/p>\n<p>\u2013 creste continutul de grasime in lapte;<\/p>\n<p>\u2013 carenta de calciu influenteaza functia de reproducere la taurine si bovine;<\/p>\n<p>\u2013 cresterea in greutate corporala a puilor de carne;<\/p>\n<p>\u2013 sursa de calciu in hrana gainilor ouatoare, avand aspecte favorabile asupra rezistentei cojii oului la spargere.<\/p>\n<p>&#8211; cresterea rapida in greutate;<\/p>\n<p>&#8211; cresterea rezistentei la boli<\/p>\n<p>-stimuleaza si regleaza flora intestinala<\/p>\n<p>-stimuleaza sistemul imunitar<\/p>\n<p>\u00a0<\/p>\n<p><strong>!\u00a0 Produsul va fi bine omogenizat cu hrana.!<\/strong><\/p>\n<p><strong>\u00a0<\/strong><\/p>\n<p><strong>MOD DE UTILIZARE:<\/strong><\/p>\n<p>TINERET: 1 KG CALCIU LA 30 KG FURAJ<\/p>\n<p>ADULT: 1KG CALCIU LA 15 KG FURAJ<\/p>\n<\/div>\n<\/section>\n<\/div>\n<\/div>\n<\/div>\n<\/div>\n<\/div>\n","protected":false},"excerpt":{"rendered":"<p>SUPLIMENT PROTEIC NATURAL PENTRU HRANA ANIMALELOR Calitati nutritionale de exceptie Carbonat de Calciu- 39% Umiditate- 2% Drojdie de bere- 5% Proteina- 4% Datorita aportului drojdiei de bere, produsul capata o<\/p>\n","protected":false},"featured_media":790,"template":"","meta":[],"product_brand":[],"product_cat":[194,189,175],"product_tag":[],"class_list":{"0":"post-878","1":"product","2":"type-product","3":"status-publish","6":"product_cat-calciu-1-5-2","7":"product_cat-calciu-furajer-cu-drojdie-de-bere","8":"product_cat-drojdii-pentru-animale","10":"first","11":"instock","12":"shipping-taxable","13":"purchasable","14":"product-type-simple"},"_links":{"self":[{"href":"https:\/\/drojdiifuraje-cordostef.ro\/magazin\/wp-json\/wp\/v2\/product\/878","targetHints":{"allow":["GET"]}}],"collection":[{"href":"https:\/\/drojdiifuraje-cordostef.ro\/magazin\/wp-json\/wp\/v2\/product"}],"about":[{"href":"https:\/\/drojdiifuraje-cordostef.ro\/magazin\/wp-json\/wp\/v2\/types\/product"}],"wp:featuredmedia":[{"embeddable":true,"href":"https:\/\/drojdiifuraje-cordostef.ro\/magazin\/wp-json\/wp\/v2\/media\/790"}],"wp:attachment":[{"href":"https:\/\/drojdiifuraje-cordostef.ro\/magazin\/wp-json\/wp\/v2\/media?parent=878"}],"wp:term":[{"taxonomy":"product_brand","embeddable":true,"href":"https:\/\/drojdiifuraje-cordostef.ro\/magazin\/wp-json\/wp\/v2\/product_brand?post=878"},{"taxonomy":"product_cat","embeddable":true,"href":"https:\/\/drojdiifuraje-cordostef.ro\/magazin\/wp-json\/wp\/v2\/product_cat?post=878"},{"taxonomy":"product_tag","embeddable":true,"href":"https:\/\/drojdiifuraje-cordostef.ro\/magazin\/wp-json\/wp\/v2\/product_tag?post=878"}],"curies":[{"name":"wp","href":"https:\/\/api.w.org\/{rel}","templated":true}]}}