{"id":26448,"date":"2025-06-17T17:25:02","date_gmt":"2025-06-17T15:25:02","guid":{"rendered":"https:\/\/drojdiifuraje-cordostef.ro\/magazin\/?post_type=product&#038;p=26448"},"modified":"2026-03-03T12:44:04","modified_gmt":"2026-03-03T10:44:04","slug":"bloc-de-sare-imbogatit-cu-vitamine-si-minerale-5kg","status":"publish","type":"product","link":"https:\/\/drojdiifuraje-cordostef.ro\/magazin\/produs\/bloc-de-sare-imbogatit-cu-vitamine-si-minerale-5kg\/","title":{"rendered":"BLOC DE SARE IMBOGATIT CU VITAMINE SI MINERALE 5kg"},"content":{"rendered":"<div class=\"av-special-heading av-special-heading-h1 blockquote modern-quote avia-builder-el-7 el_before_av_textblock avia-builder-el-first av-inherit-size\">\n<div class=\"av-subheading av-subheading_below \">\n<div class=\"av-special-heading av-special-heading-h1 blockquote modern-quote avia-builder-el-7 el_before_av_textblock avia-builder-el-first av-inherit-size\">\n<div class=\"av-subheading av-subheading_below \">\n<div id=\"hello\" class=\"av-layout-grid-container entry-content-wrapper main_color av-flex-cells avia-builder-el-5 el_after_av_layout_row el_before_av_textblock submenu-not-first container_wrap fullsize\">\n<div class=\"flex_cell no_margin av_one_half avia-builder-el-6 el_before_av_cell_one_half avia-builder-el-first \">\n<div class=\"flex_cell_inner\">\n<div class=\"av-special-heading av-special-heading-h1 blockquote modern-quote avia-builder-el-7 el_before_av_textblock avia-builder-el-first av-inherit-size\">\n<div class=\"av-subheading av-subheading_below \">\n<p><strong><em>PENTRU RUMEGATOARE (VACI, OI, CAPRE ETC)<\/em><\/strong><\/p>\n<p><strong>TOTUL INTR-UN SINGUR PRODUS SARE DE LINS DE INALTA CALITATE SI MELASA, IMBOGATIT CU VITAMINE SI MINERALE DE VALOARE<\/strong><\/p>\n<p><strong>POTRIVIT PENTRU TOATE VARSTELE SI SPECIILE RUMEGATOARE<\/strong><\/p>\n<p><strong>Acest produs contine sare purificata de cea mai inalta calitate.<\/strong><\/p>\n<p><strong>INGREDIENTE<\/strong><strong>: <\/strong>SARE PURIFICATA DE INALTA CALITATE, vitamine<\/p>\n<p>A, D SI E, minerale Mg, NaCl, P, Ca, Mn, Fe, Cu, Co, Zn, Io, Se, etc<\/p>\n<p><strong>Avantajele utilizarii<\/strong><strong>:<\/strong><\/p>\n<p>Animalele cu deficit de minerale ling diferite obiecte precum lemn, mizerie \u0219i pietre. De asemenea, pot m\u00e2nca de\u0219euri, nailon \u0219i cantit\u0103\u021bi toxice de plante otr\u0103vitoare. Din acest motiv, aportul regulat de sare \u0219i minerale este foarte important pentru s\u0103n\u0103tatea oilor \u0219i a caprelor.<\/p>\n<ul>\n<li>Un excelent aport de energie .<\/li>\n<li>Un produs potrivit pentru toate bovinele si ovinele<\/li>\n<li>Intareste sistemul imunitar<\/li>\n<li>Imbunatateste randamentul din alimentatie.<\/li>\n<li>\u00a0Sporeste pofta de m\u00e2ncare, ceea ce la r\u00e2ndul s\u0103u \u00eembun\u0103t\u0103\u021be\u0219te produc\u021bia de lapte \u0219i carne<\/li>\n<li><strong>Nu contine<\/strong> agenti de ingrosare, aromatizatori, produse artificiale sau substante chimice!<\/li>\n<\/ul>\n<\/div>\n<\/div>\n<\/div>\n<\/div>\n<\/div>\n<\/div>\n<\/div>\n<\/div>\n<\/div>\n","protected":false},"excerpt":{"rendered":"<p>PENTRU RUMEGATOARE (VACI, OI, CAPRE ETC) TOTUL INTR-UN SINGUR PRODUS SARE DE LINS DE INALTA CALITATE SI MELASA, IMBOGATIT CU VITAMINE SI MINERALE DE VALOARE POTRIVIT PENTRU TOATE VARSTELE SI<\/p>\n","protected":false},"featured_media":26449,"template":"","meta":[],"product_brand":[],"product_cat":[192,211,213],"product_tag":[212,203,205],"class_list":{"0":"post-26448","1":"product","2":"type-product","3":"status-publish","6":"product_cat-calciu-10-5","7":"product_cat-bloc-de-sare","8":"product_cat-produse-noi","9":"product_tag-bloc-de-sare","10":"product_tag-melavit","11":"product_tag-vitamine","13":"first","14":"instock","15":"shipping-taxable","16":"purchasable","17":"product-type-simple"},"_links":{"self":[{"href":"https:\/\/drojdiifuraje-cordostef.ro\/magazin\/wp-json\/wp\/v2\/product\/26448","targetHints":{"allow":["GET"]}}],"collection":[{"href":"https:\/\/drojdiifuraje-cordostef.ro\/magazin\/wp-json\/wp\/v2\/product"}],"about":[{"href":"https:\/\/drojdiifuraje-cordostef.ro\/magazin\/wp-json\/wp\/v2\/types\/product"}],"wp:featuredmedia":[{"embeddable":true,"href":"https:\/\/drojdiifuraje-cordostef.ro\/magazin\/wp-json\/wp\/v2\/media\/26449"}],"wp:attachment":[{"href":"https:\/\/drojdiifuraje-cordostef.ro\/magazin\/wp-json\/wp\/v2\/media?parent=26448"}],"wp:term":[{"taxonomy":"product_brand","embeddable":true,"href":"https:\/\/drojdiifuraje-cordostef.ro\/magazin\/wp-json\/wp\/v2\/product_brand?post=26448"},{"taxonomy":"product_cat","embeddable":true,"href":"https:\/\/drojdiifuraje-cordostef.ro\/magazin\/wp-json\/wp\/v2\/product_cat?post=26448"},{"taxonomy":"product_tag","embeddable":true,"href":"https:\/\/drojdiifuraje-cordostef.ro\/magazin\/wp-json\/wp\/v2\/product_tag?post=26448"}],"curies":[{"name":"wp","href":"https:\/\/api.w.org\/{rel}","templated":true}]}}