{"id":26339,"date":"2025-04-15T11:49:26","date_gmt":"2025-04-15T09:49:26","guid":{"rendered":"https:\/\/drojdiifuraje-cordostef.ro\/magazin\/?post_type=product&#038;p=26339"},"modified":"2025-08-07T11:07:28","modified_gmt":"2025-08-07T09:07:28","slug":"melavit-melasa-73-cu-vitamine-de-lins-25kg","status":"publish","type":"product","link":"https:\/\/drojdiifuraje-cordostef.ro\/magazin\/produs\/melavit-melasa-73-cu-vitamine-de-lins-25kg\/","title":{"rendered":"MELAVIT &#8211; MELAS\u0102 (73%) CU VITAMINE DE LINS 25KG"},"content":{"rendered":"<div class=\"av-special-heading av-special-heading-h1 blockquote modern-quote avia-builder-el-7 el_before_av_textblock avia-builder-el-first av-inherit-size\">\n<div class=\"av-subheading av-subheading_below \">\n<div class=\"av-special-heading av-special-heading-h1 blockquote modern-quote avia-builder-el-7 el_before_av_textblock avia-builder-el-first av-inherit-size\">\n<div class=\"av-subheading av-subheading_below \">\n<div id=\"hello\" class=\"av-layout-grid-container entry-content-wrapper main_color av-flex-cells avia-builder-el-5 el_after_av_layout_row el_before_av_textblock submenu-not-first container_wrap fullsize\">\n<div class=\"flex_cell no_margin av_one_half avia-builder-el-6 el_before_av_cell_one_half avia-builder-el-first \">\n<div class=\"flex_cell_inner\">\n<div class=\"av-special-heading av-special-heading-h1 blockquote modern-quote avia-builder-el-7 el_before_av_textblock avia-builder-el-first av-inherit-size\">\n<div class=\"av-subheading av-subheading_below \">\n<p>CARACTERISTICI: G\u0103leat\u0103 cu melas\u0103 dur\u0103 pentru lins \u00eembog\u0103\u021bit\u0103 cu proteine, gr\u0103simi, vitamine \u0219i minerale, create special pentru rumeg\u0103toare. Con\u021bine nutrien\u021bi de \u00eenalt\u0103 calitate \u0219i stimuleaz\u0103 cre\u0219terea num\u0103rului de bacterii bune. Cre\u0219te produc\u021bia de saliv\u0103 cu o cre\u0219tere semnificativ\u0103 a produc\u021biei de carne \u0219i lapte.<\/p>\n<p>Produsul nu con\u021bine substan\u021be chimice sau agen\u021bi de \u00eengro\u0219are.<\/p>\n<p>Avantajele utiliz\u0103rii: \u00cembun\u0103t\u0103\u021be\u0219te nivelul de energie, care la r\u00e2ndul s\u0103u \u00eembun\u0103t\u0103\u021be\u0219te \u00eens\u0103m\u00e2n\u021barea. \u00cembun\u0103t\u0103\u021be\u0219te randamentul produc\u021biei. Spore\u0219te pofta de m\u00e2ncare, ceea ce la r\u00e2ndul s\u0103u \u00eembun\u0103t\u0103\u021be\u0219te digestia \u0219i utilizarea nutrien\u021bilor. \u00cembun\u0103t\u0103\u021be\u0219te s\u0103n\u0103tatea osoas\u0103 \u0219i dentar\u0103 a animalelor.<\/p>\n<p>INGREDIENTE: MELAS\u0102 73%, PROTEIN\u0102, ULEI, CARBONAT DE CALCIU, CLORUR\u0102 DE SODIU, FOSFAT DE CALCIU, OXID DE MAGNEZIU, VITAMINE \u0218I MINERALE.<\/p>\n<p>Doze \u0219i utilizare: Bovine 150-200 g\/zi, ovine 30-50 g\/zi, iezi 5-10 g\/zi.<\/p>\n<p>A se p\u0103stra \u00een loc uscat \u0219i r\u0103coros.<\/p>\n<\/div>\n<\/div>\n<\/div>\n<\/div>\n<\/div>\n<\/div>\n<\/div>\n<\/div>\n<\/div>\n","protected":false},"excerpt":{"rendered":"<p>CARACTERISTICI: G\u0103leat\u0103 cu melas\u0103 dur\u0103 pentru lins \u00eembog\u0103\u021bit\u0103 cu proteine, gr\u0103simi, vitamine \u0219i minerale, create special pentru rumeg\u0103toare. Con\u021bine nutrien\u021bi de \u00eenalt\u0103 calitate \u0219i stimuleaz\u0103 cre\u0219terea num\u0103rului de bacterii bune.<\/p>\n","protected":false},"featured_media":26340,"template":"","meta":[],"product_brand":[],"product_cat":[206],"product_tag":[204,203,205],"class_list":{"0":"post-26339","1":"product","2":"type-product","3":"status-publish","6":"product_cat-melasa-cu-vitamine-de-lins","7":"product_tag-melasa-de-lins","8":"product_tag-melavit","9":"product_tag-vitamine","11":"first","12":"instock","13":"shipping-taxable","14":"purchasable","15":"product-type-simple"},"_links":{"self":[{"href":"https:\/\/drojdiifuraje-cordostef.ro\/magazin\/wp-json\/wp\/v2\/product\/26339","targetHints":{"allow":["GET"]}}],"collection":[{"href":"https:\/\/drojdiifuraje-cordostef.ro\/magazin\/wp-json\/wp\/v2\/product"}],"about":[{"href":"https:\/\/drojdiifuraje-cordostef.ro\/magazin\/wp-json\/wp\/v2\/types\/product"}],"wp:featuredmedia":[{"embeddable":true,"href":"https:\/\/drojdiifuraje-cordostef.ro\/magazin\/wp-json\/wp\/v2\/media\/26340"}],"wp:attachment":[{"href":"https:\/\/drojdiifuraje-cordostef.ro\/magazin\/wp-json\/wp\/v2\/media?parent=26339"}],"wp:term":[{"taxonomy":"product_brand","embeddable":true,"href":"https:\/\/drojdiifuraje-cordostef.ro\/magazin\/wp-json\/wp\/v2\/product_brand?post=26339"},{"taxonomy":"product_cat","embeddable":true,"href":"https:\/\/drojdiifuraje-cordostef.ro\/magazin\/wp-json\/wp\/v2\/product_cat?post=26339"},{"taxonomy":"product_tag","embeddable":true,"href":"https:\/\/drojdiifuraje-cordostef.ro\/magazin\/wp-json\/wp\/v2\/product_tag?post=26339"}],"curies":[{"name":"wp","href":"https:\/\/api.w.org\/{rel}","templated":true}]}}