{"id":26070,"date":"2024-09-29T15:33:50","date_gmt":"2024-09-29T13:33:50","guid":{"rendered":"https:\/\/drojdiifuraje-cordostef.ro\/magazin\/?post_type=product&#038;p=26070"},"modified":"2025-08-07T11:07:28","modified_gmt":"2025-08-07T09:07:28","slug":"larve-uscate-si-macinate-flacon-de-10-g","status":"publish","type":"product","link":"https:\/\/drojdiifuraje-cordostef.ro\/magazin\/produs\/larve-uscate-si-macinate-flacon-de-10-g\/","title":{"rendered":"Larve uscate si macinate Flacon de 10 g"},"content":{"rendered":"<div class=\"av-special-heading av-special-heading-h1 blockquote modern-quote avia-builder-el-7 el_before_av_textblock avia-builder-el-first av-inherit-size\">\n<div class=\"av-subheading av-subheading_below \">\n<p>\u00a0\u00a0\u00a0 Cre\u0219terea intensiva a insectelor poate fi un subiect sensibil pentru majoritatea oamenilor, deoareceeste foarte greu s\u0103 acceptam drept sursa de hrana o vietate cu \u0219ase picioare. Cu toate acestea, beneficiile insectelor precum larvele Black Soldier Fly (adesea prescurtat\u0103 ca BSFL) pot umbri cur\u00e2nd percep\u021biile negative asociate frecvent cu insectele ca surs\u0103 de hran\u0103. Va mentionam c\u00e2teva dintre aceste beneficii :<\/p>\n<ol>\n<li>Valoarea lor nutritiv\u0103 este excelent\u0103 : larvele cu mu\u0219te negre pot con\u021bine p\u00e2n\u0103 la 43% proteine \u200b\u200b&amp; 30% grasimi si sunt o surs\u0103 excelent\u0103 de calciu \u0219i aminoacizi. Motivul pentru care sunt \u00eempachetate cu at\u00e2ta energie este simplu: p\u00e2n\u0103 c\u00e2nd devin mu\u0219te, aceste larve m\u0103n\u00e2nc\u0103 de dou\u0103 ori greutatea lor corporal\u0103 \u00een fiecare zi.<\/li>\n<li>Produc\u021bia de alimente curate este mai rapid\u0103 \u0219i mai ieftin\u0103 : orice animal crescut pentru carnea sa trebuie s\u0103 fie o surs\u0103 curat\u0103 de hran\u0103, at\u00e2t \u00eenainte c\u00e2t \u0219i dup\u0103 prelucrare. Daca este sa ne uitam catre cre\u0219terea p\u0103s\u0103rilor sau a vitelor &#8230;..asta \u00eenseamn\u0103 mult timp, bani \u0219i eforturi mari folosite \u00een transformarea c\u0103rnii lor \u00eentr-un produs curat \u0219i comestibil. Acest proces este mult mai rapid \u0219i mai u\u0219or cu larvele BSF, \u00eentruc\u00e2t indiferent de ceea ce m\u0103n\u00e2nc\u0103, procesele lor digestive ucid orice bacterii pe care le pot \u00eent\u00e2lni \u00een hrana lor.<\/li>\n<li>Rata de reproducere a acestora este cu mult peste medie : o musc\u0103 poate depune cu u\u0219urin\u021b\u0103 p\u00e2n\u0103 la 500 de ou\u0103 o dat\u0103. De asemenea, din moment ce tr\u0103iesc doar 6 s\u0103pt\u0103m\u00e2ni si , in compara\u021bie cu aceasta, de obicei, un o gaina depune doar aproximativ 200 de ou\u0103 pe an.<\/li>\n<li>Au nevoie de mult mai pu\u021bine nutre\u021buri pentru a produce mai mult\u0103 carne : larvele de mu\u0219te ale soldatului negru exceleaz\u0103 la transformarea nutre\u021burilor \u00een hran\u0103. \u00cen timp ce , pentru a produce kg de carne de vita este nevoie de 10 kg de nutre\u021b , BSFL are nevoie doar de aproximativ 1,5 kg de furaje pentru a produce 1 kg de carne!<\/li>\n<li>Cre\u0219terea BSFL esteetic\u0103 : larvele de mu\u0219te ale soldatului negru prefera o densitate foarte mare\u0219i ocup\u0103 mult mai pu\u021bin spa\u021biu dec\u00e2t alte animale (se poate creste o ton\u0103 de BSFL \u00eentr-un spa\u021biu la fel de mare ca o ma\u0219in\u0103 SMART), cu o presiune mult mai mic\u0103 asupra mediului inconjurator . Prin urmare, produc de\u0219euri absolut zero, deoarece r\u0103m\u0103\u0219i\u021bele lor suntfolosite ca hrana pentru ramele Rosu de California pentru producerea Vermicompost Suprem<\/li>\n<li>Nu transmit boli , mustele adulte nu au un sistem digestiv , sunt at\u00e2t de eficiente \u00een acest sens \u00eenc\u00e2t nu exist\u0103 bacterii \u00een de\u0219eurile lor odat\u0103 ce le-au digerat.<\/li>\n<\/ol>\n<p>\u00a0<\/p>\n<p><strong>Proiect de ferma ce poate procesa 2 tone hrana \/zi<\/strong><\/p>\n<p><img loading=\"lazy\" decoding=\"async\" class=\"alignnone size-full wp-image-26071\" src=\"https:\/\/drojdiifuraje-cordostef.ro\/magazin\/wp-content\/uploads\/2024\/09\/proiect-ferma-larve.jpg\" alt=\"\" width=\"627\" height=\"475\" srcset=\"https:\/\/drojdiifuraje-cordostef.ro\/magazin\/wp-content\/uploads\/2024\/09\/proiect-ferma-larve.jpg 627w, https:\/\/drojdiifuraje-cordostef.ro\/magazin\/wp-content\/uploads\/2024\/09\/proiect-ferma-larve-300x227.jpg 300w, https:\/\/drojdiifuraje-cordostef.ro\/magazin\/wp-content\/uploads\/2024\/09\/proiect-ferma-larve-16x12.jpg 16w, https:\/\/drojdiifuraje-cordostef.ro\/magazin\/wp-content\/uploads\/2024\/09\/proiect-ferma-larve-600x455.jpg 600w\" sizes=\"auto, (max-width: 627px) 100vw, 627px\" \/><\/p>\n<p>\u00a0<\/p>\n<p>\u00a0<\/p>\n<\/div>\n<\/div>\n","protected":false},"excerpt":{"rendered":"<p>\u00a0\u00a0\u00a0 Cre\u0219terea intensiva a insectelor poate fi un subiect sensibil pentru majoritatea oamenilor, deoareceeste foarte greu s\u0103 acceptam drept sursa de hrana o vietate cu \u0219ase picioare. Cu toate acestea,<\/p>\n","protected":false},"featured_media":26072,"template":"","meta":[],"product_brand":[],"product_cat":[195,197],"product_tag":[198,200,199],"class_list":{"0":"post-26070","1":"product","2":"type-product","3":"status-publish","6":"product_cat-calciu-1","7":"product_cat-larve-uscate","8":"product_tag-larve","9":"product_tag-macinate","10":"product_tag-uscate","12":"first","13":"instock","14":"shipping-taxable","15":"purchasable","16":"product-type-simple"},"_links":{"self":[{"href":"https:\/\/drojdiifuraje-cordostef.ro\/magazin\/wp-json\/wp\/v2\/product\/26070","targetHints":{"allow":["GET"]}}],"collection":[{"href":"https:\/\/drojdiifuraje-cordostef.ro\/magazin\/wp-json\/wp\/v2\/product"}],"about":[{"href":"https:\/\/drojdiifuraje-cordostef.ro\/magazin\/wp-json\/wp\/v2\/types\/product"}],"wp:featuredmedia":[{"embeddable":true,"href":"https:\/\/drojdiifuraje-cordostef.ro\/magazin\/wp-json\/wp\/v2\/media\/26072"}],"wp:attachment":[{"href":"https:\/\/drojdiifuraje-cordostef.ro\/magazin\/wp-json\/wp\/v2\/media?parent=26070"}],"wp:term":[{"taxonomy":"product_brand","embeddable":true,"href":"https:\/\/drojdiifuraje-cordostef.ro\/magazin\/wp-json\/wp\/v2\/product_brand?post=26070"},{"taxonomy":"product_cat","embeddable":true,"href":"https:\/\/drojdiifuraje-cordostef.ro\/magazin\/wp-json\/wp\/v2\/product_cat?post=26070"},{"taxonomy":"product_tag","embeddable":true,"href":"https:\/\/drojdiifuraje-cordostef.ro\/magazin\/wp-json\/wp\/v2\/product_tag?post=26070"}],"curies":[{"name":"wp","href":"https:\/\/api.w.org\/{rel}","templated":true}]}}