{"id":10204,"date":"2022-07-08T10:57:56","date_gmt":"2022-07-08T08:57:56","guid":{"rendered":"https:\/\/drojdiifuraje-cordostef.ro\/magazin\/?post_type=product&#038;p=10204"},"modified":"2025-08-07T11:07:28","modified_gmt":"2025-08-07T09:07:28","slug":"drojdie-de-bere-si-borhot-furajer-20kg","status":"publish","type":"product","link":"https:\/\/drojdiifuraje-cordostef.ro\/magazin\/produs\/drojdie-de-bere-si-borhot-furajer-20kg\/","title":{"rendered":"Drojdie de bere si borhot furajer 20kg"},"content":{"rendered":"<div class=\"av-special-heading av-special-heading-h1 blockquote modern-quote avia-builder-el-7 el_before_av_textblock avia-builder-el-first av-inherit-size\">\n<div class=\"av-subheading av-subheading_below \">\n<p>Concentrat proteic din drojdie de bere si borhot furajer<\/p>\n<p>Proteina- 40%<\/p>\n<p>Grasimea- 9%<\/p>\n<p>Umiditate- max 8%<\/p>\n<\/div>\n<\/div>\n<section class=\"av_textblock_section\">\n<div class=\"avia_textblock \">\n<p><span class=\"fontstyle0\">Este o combinatie unica dintre drojdie de bere\u201d(specia Saccharomyces) legata de borhot de bere<br \/>\nfurajer printr-un proces special. Valoarea biologic\u0103 a unui concentrat furajer nu trebuie m\u0103surat\u0103 doar<br \/>\nprin standarde \u201eenergetice, minerale \u0219i vitamine\u201d<br \/>\nDe o importan\u021b\u0103 deosebit\u0103 pentru performan\u021ba animalelor este biodisponibilitatea nutrien\u021bilor \u0219i a<br \/>\ningredientelor active, care sunt crescute \u00een mod esen\u021bial prin utilizarea de drojdie de bere si a<br \/>\ncomponentelor dietetice din borhotul de bere. Amestecul este in primul rand un purtator de<br \/>\ningrediente active (enzyme,vitamine,aminoacizi, minerale si oligoelemente) si abia apoi un furnizor de<br \/>\nnutrienti.<\/span><\/p>\n<ul>\n<li><strong><em>Prebiotic si dietetic:<\/em><\/strong><\/li>\n<\/ul>\n<p>Se distinge prin con\u021binutul s\u0103u ridicat de 1.3 -1.6-beta-D-glucan \u0219i Manan oligozaharide din peretii celulelor de drojdie de bere<em>.\u00a0 Ingredientele prebiotice<\/em> ac\u021bioneaz\u0103 ca substrat pentru microflora in intestin si rumen, si influenteaza\u00a0 in mod eficient digestia \u0219i procesele de adsorb\u021bie.<\/p>\n<p>Stimuleaza <em>producerea de microorganisme benefice<\/em>( bifido \u0219i bacterii produc\u0103toare de acid lactic la animale monogastrice \u0219i bacterii celulozolitice la rumeg\u0103toare)<\/p>\n<p>Lupulonele din hamei\u00a0 prezente in Drovid BT 40 prin efectul lor eupeptic <em>stimuleaza apetitul .<\/em><\/p>\n<p>Acestea au si effect antimucegai.<\/p>\n<ul>\n<li><strong><em>Antioxidant si antimicrobian:<\/em><\/strong><\/li>\n<\/ul>\n<p>Este remercabil ca drojdia de bere si borhotul contin ingrediente valoroase din hamei (isohumulonele care prin inhibarea activitatii\u00a0 ciclooxigenazei-2 au efect antioxidant ;<\/p>\n<p><strong><em>activitatea antimicrobiana a alfa acidului se manifesta antiviral si antibacterian\u00a0<\/em><\/strong><\/p>\n<p><strong>Avantajele utilizarii:<\/strong><\/p>\n<ul>\n<li><strong><em>Pui broiler:<\/em><\/strong><\/li>\n<li>Creste apetitul si aportul de hrana<\/li>\n<li>Spor mediu zilnic ridicat<\/li>\n<li>Regleaza digestia<\/li>\n<li>Scade rata mortalitatii<\/li>\n<li>Creste rezistenta la boli<\/li>\n<li><strong><em>Porci:<\/em><\/strong><\/li>\n<li>Imbunatateste rata conversiei furajului si sporul de crestere<\/li>\n<li>Stimuleaza estrul scroafelor si reduce intoarcerile la insamantare<\/li>\n<li>Reduce expunerile la mucegaiul din furaje<\/li>\n<li>Scade pierderile in crestere<\/li>\n<li><strong><em>Rumegatoare:<\/em><\/strong><\/li>\n<li><em>Stabilizeaza pH-ul rumenal<\/em><\/li>\n<li><em>Imbunatateste fertilitatea<\/em><\/li>\n<li><em>Suport pentru metabolism<\/em><\/li>\n<li><em>Imbunatateste sanatatea coarnelor,copitelor,pielii si parului<\/em><\/li>\n<li><em>Imbunatateste cantitatea si calitatea productiei de lapte <\/em><\/li>\n<\/ul>\n<p><strong><em>RECOMANDARI DE UTILIZARE:<\/em><\/strong><\/p>\n<p><strong><em>Pasari\u00a0\u00a0\u00a0\u00a0\u00a0\u00a0\u00a0\u00a0\u00a0\u00a0\u00a0\u00a0\u00a0\u00a0\u00a0\u00a0\u00a0\u00a0\u00a0\u00a0 \u00a0\u00a0\u00a0\u00a0\u00a0\u00a0\u00a0\u00a0\u00a0\u00a0\u00a0\u00a0\u00a02-6 %<\/em><\/strong><\/p>\n<p><strong><em>Rumegatoare tineret\u00a0\u00a0\u00a0\u00a0\u00a0\u00a0 6-12 %<\/em><\/strong><\/p>\n<p><strong><em>Rumegatoare mari \u00a0\u00a0\u00a0\u00a0\u00a0\u00a0\u00a012- 20 %<\/em><\/strong><\/p>\n<p><strong><em>Capre, Oi Tineret\u00a0 \u00a0 \u00a0 \u00a0 \u00a0 \u00a0 \u00a04-6 <\/em><\/strong><strong><em>%<\/em><\/strong><\/p>\n<p><strong><em>Porci \u00a0grasi\u00a0\u00a0\u00a0\u00a0\u00a0\u00a0 \u00a0\u00a0\u00a0pana la 6 -8 %<\/em><\/strong><\/p>\n<p><strong><em>Porci\u00a0 reproductie si purcei\u00a0 pana la 4 %<\/em><\/strong><\/p>\n<p><strong><em>Cai\u00a0\u00a0\u00a0\u00a0\u00a0\u00a0\u00a0\u00a0\u00a0\u00a0\u00a0\u00a0\u00a0\u00a0\u00a0\u00a0\u00a0\u00a0\u00a0\u00a0\u00a0\u00a0\u00a0\u00a0\u00a0\u00a0 pana la 10-12 %<\/em><\/strong><\/p>\n<\/div>\n<\/section>\n","protected":false},"excerpt":{"rendered":"<p>Concentrat proteic din drojdie de bere si borhot furajer Proteina- 40% Grasimea- 9% Umiditate- max 8% Este o combinatie unica dintre drojdie de bere\u201d(specia Saccharomyces) legata de borhot de bere<\/p>\n","protected":false},"featured_media":25660,"template":"","meta":[],"product_brand":[],"product_cat":[196,188,175],"product_tag":[],"class_list":{"0":"post-10204","1":"product","2":"type-product","3":"status-publish","6":"product_cat-11-20-kg","7":"product_cat-amestec-proteic-din-drojdie-de-bere-si-borhot-furajer","8":"product_cat-drojdii-pentru-animale","10":"first","11":"instock","12":"shipping-taxable","13":"purchasable","14":"product-type-simple"},"_links":{"self":[{"href":"https:\/\/drojdiifuraje-cordostef.ro\/magazin\/wp-json\/wp\/v2\/product\/10204","targetHints":{"allow":["GET"]}}],"collection":[{"href":"https:\/\/drojdiifuraje-cordostef.ro\/magazin\/wp-json\/wp\/v2\/product"}],"about":[{"href":"https:\/\/drojdiifuraje-cordostef.ro\/magazin\/wp-json\/wp\/v2\/types\/product"}],"wp:featuredmedia":[{"embeddable":true,"href":"https:\/\/drojdiifuraje-cordostef.ro\/magazin\/wp-json\/wp\/v2\/media\/25660"}],"wp:attachment":[{"href":"https:\/\/drojdiifuraje-cordostef.ro\/magazin\/wp-json\/wp\/v2\/media?parent=10204"}],"wp:term":[{"taxonomy":"product_brand","embeddable":true,"href":"https:\/\/drojdiifuraje-cordostef.ro\/magazin\/wp-json\/wp\/v2\/product_brand?post=10204"},{"taxonomy":"product_cat","embeddable":true,"href":"https:\/\/drojdiifuraje-cordostef.ro\/magazin\/wp-json\/wp\/v2\/product_cat?post=10204"},{"taxonomy":"product_tag","embeddable":true,"href":"https:\/\/drojdiifuraje-cordostef.ro\/magazin\/wp-json\/wp\/v2\/product_tag?post=10204"}],"curies":[{"name":"wp","href":"https:\/\/api.w.org\/{rel}","templated":true}]}}